{"id":16,"date":"2020-11-17T12:36:27","date_gmt":"2020-11-17T11:36:27","guid":{"rendered":"http:\/\/dev.lofficina.be\/?page_id=16"},"modified":"2021-03-04T17:12:56","modified_gmt":"2021-03-04T16:12:56","slug":"restauration-voitures-italiennes","status":"publish","type":"page","link":"https:\/\/www.lofficina.be\/fr\/restauration-voitures-italiennes\/","title":{"rendered":"Restauration Voitures Italiennes"},"content":{"rendered":"<div class=\"wpb-content-wrapper\"><p>[vc_row section_type=\u00a0\u00bbfullwidth\u00a0\u00bb padding_top_multiplier=\u00a0\u00bb\u00a0\u00bb padding_bottom_multiplier=\u00a0\u00bb\u00a0\u00bb columns_gap=\u00a0\u00bbnone\u00a0\u00bb][vc_column]<div class=\"grve-element grve-image grve-align-center grve-full-image grve-image-space-100\" style=\"\">  <div class=\"grve-image-wrapper\"><img decoding=\"async\" width=\"1920\" height=\"1080\" src=\"https:\/\/www.lofficina.be\/wp-content\/uploads\/2020\/12\/Restauration-lofficina-1.jpg\" class=\"attachment-full size-full\" alt=\"restauration-auto-ferrari\" srcset=\"https:\/\/www.lofficina.be\/wp-content\/uploads\/2020\/12\/Restauration-lofficina-1.jpg 1x,https:\/\/www.lofficina.be\/wp-content\/uploads\/2020\/12\/Restauration-lofficina-1.jpg 2x\" \/>   <\/div><\/div>[\/vc_column][\/vc_row][vc_row padding_top_multiplier=\u00a0\u00bb\u00a0\u00bb padding_bottom_multiplier=\u00a0\u00bb\u00a0\u00bb][vc_column width=\u00a0\u00bb1\/12&Prime;][\/vc_column][vc_column column_custom_position=\u00a0\u00bbyes\u00a0\u00bb position_top=\u00a0\u00bbminus-6x\u00a0\u00bb width=\u00a0\u00bb10\/12&Prime; text_align=\u00a0\u00bbcenter\u00a0\u00bb css=\u00a0\u00bb.vc_custom_1609257142432{padding-top: 60px !important;padding-right: 60px !important;padding-bottom: 60px !important;padding-left: 60px !important;background-color: #ffffff !important;}\u00a0\u00bb]<h2 class=\"grve-element grve-title grve-align-center grve-small-text\" style=\"margin-bottom: 10px;\"><span>Restauration voitures italiennes<\/span><\/h2><h2 class=\"grve-element grve-title grve-align-center grve-h1 grve-increase-heading grve-heading-120\" style=\"\"><span>Restauration : tout est dans les d\u00e9tails<\/span><\/h2>[vc_column_text text_style=\u00a0\u00bbleader-text\u00a0\u00bb]La restauration de voitures italiennes de collection ou anciennes fait partie de l&rsquo;adn de notre atelier. Nous avons acquis une s\u00e9rieuse r\u00e9putation, m\u00eame en dehors de la Belgique, dans la restauration des Ferrari et Maserati. Beaucoup de nos clients qui ach\u00e8tent une voiture ancienne pour la premi\u00e8re fois nous demandent de proc\u00e9der \u00e0 une inspection. Ce n&rsquo;est pas un luxe inutile. Bon nombre de voitures italiennes de collection ne re\u00e7oivent qu&rsquo;une remise \u00e0 neuf de fa\u00e7ade avant d&rsquo;\u00eatre vendues et ne sont donc pas toujours bien entretenues, quand elles n&rsquo;ont pas tout simplement \u00e9t\u00e9 accident\u00e9es \u00e0 un moment de leur histoire.<\/p>\n<p>Nous informons toujours notre client de mani\u00e8re transparente. Nous lui disons dans quel \u00e9tat r\u00e9el se trouve le v\u00e9hicule et quels sont les frais \u00e0 pr\u00e9voir pour une restauration compl\u00e8te. Des surprises peuvent survenir y compris durant la phase de d\u00e9montage. Toutefois notre garage L&rsquo;Officina vous donne toujours l&rsquo;estimation la plus pr\u00e9cise possible des co\u00fbts attendus. D&rsquo;autres \u00e9l\u00e9ments apparaissent en cours de route nous contraignant \u00e0 ajuster cette estimation ? Nous vous informons alors en temps utile. R\u00e9sultat, vous savez toujours \u00e0 quoi vous en tenir.[\/vc_column_text]<div class=\"grve-empty-space grve-height-1x\" style=\"\"><\/div><div class=\"grve-element grve-align-center\"><a href=\"\/fr\/contact\/\" class=\"grve-btn grve-btn-medium grve-square grve-bg-primary-1 grve-bg-hover-primary-2\"><span>Demandez un devis<\/span><\/a><\/div>[\/vc_column][vc_column width=\u00a0\u00bb1\/12&Prime;][\/vc_column][\/vc_row][vc_row section_type=\u00a0\u00bbfullwidth\u00a0\u00bb padding_top_multiplier=\u00a0\u00bb\u00a0\u00bb padding_bottom_multiplier=\u00a0\u00bb\u00a0\u00bb columns_gap=\u00a0\u00bb15&Prime;][vc_column column_custom_position=\u00a0\u00bbyes\u00a0\u00bb position_top=\u00a0\u00bbminus-4x\u00a0\u00bb]<div class=\"grve-element grve-gallery grve-isotope grve-gallery-popup grve-with-gap\" style=\"\" data-columns=\"3\" data-columns-large-screen=\"3\" data-columns-tablet-landscape=\"3\" data-columns-tablet-portrait=\"3\" data-columns-mobile=\"1\" data-layout=\"fitRows\" data-gutter-size=\"15\">  <div class=\"grve-isotope-container\"><div class=\"grve-isotope-item grve-hover-item grve-hover-style-none\">  <figure class=\"grve-image-hover grve-zoom-in\">    <a class=\"grve-item-url\" href=\"https:\/\/www.lofficina.be\/wp-content\/uploads\/2020\/12\/Restauration-lofficina-4.jpg\" ><\/a>    <div class=\"grve-hover-overlay grve-bg-primary-2 grve-opacity-30\"><\/div><div class=\"grve-media\"><img decoding=\"async\" width=\"560\" height=\"420\" src=\"https:\/\/www.lofficina.be\/wp-content\/uploads\/2020\/12\/Restauration-lofficina-4-560x420.jpg\" class=\"attachment-movedo-grve-small-rect-horizontal size-movedo-grve-small-rect-horizontal\" alt=\"restauration ferrari\" srcset=\"https:\/\/www.lofficina.be\/wp-content\/uploads\/2020\/12\/Restauration-lofficina-4-560x420.jpg 560w, https:\/\/www.lofficina.be\/wp-content\/uploads\/2020\/12\/Restauration-lofficina-4-300x225.jpg 300w, https:\/\/www.lofficina.be\/wp-content\/uploads\/2020\/12\/Restauration-lofficina-4-768x576.jpg 768w, https:\/\/www.lofficina.be\/wp-content\/uploads\/2020\/12\/Restauration-lofficina-4.jpg 900w\" sizes=\"(max-width: 560px) 100vw, 560px\" \/><\/div>  <\/figure><\/div><div class=\"grve-isotope-item grve-hover-item grve-hover-style-none\">  <figure class=\"grve-image-hover grve-zoom-in\">    <a class=\"grve-item-url\" href=\"https:\/\/www.lofficina.be\/wp-content\/uploads\/2020\/12\/Restauration-lofficina-2.jpg\" ><\/a>    <div class=\"grve-hover-overlay grve-bg-primary-2 grve-opacity-30\"><\/div><div class=\"grve-media\"><img decoding=\"async\" width=\"560\" height=\"420\" src=\"https:\/\/www.lofficina.be\/wp-content\/uploads\/2020\/12\/Restauration-lofficina-2-560x420.jpg\" class=\"attachment-movedo-grve-small-rect-horizontal size-movedo-grve-small-rect-horizontal\" alt=\"garage restauration voiture italienne\" srcset=\"https:\/\/www.lofficina.be\/wp-content\/uploads\/2020\/12\/Restauration-lofficina-2-560x420.jpg 560w, https:\/\/www.lofficina.be\/wp-content\/uploads\/2020\/12\/Restauration-lofficina-2-300x225.jpg 300w, https:\/\/www.lofficina.be\/wp-content\/uploads\/2020\/12\/Restauration-lofficina-2-768x576.jpg 768w, https:\/\/www.lofficina.be\/wp-content\/uploads\/2020\/12\/Restauration-lofficina-2.jpg 900w\" sizes=\"(max-width: 560px) 100vw, 560px\" \/><\/div>  <\/figure><\/div><div class=\"grve-isotope-item grve-hover-item grve-hover-style-none\">  <figure class=\"grve-image-hover grve-zoom-in\">    <a class=\"grve-item-url\" href=\"https:\/\/www.lofficina.be\/wp-content\/uploads\/2020\/12\/Restauration-lofficina-5.jpg\" ><\/a>    <div class=\"grve-hover-overlay grve-bg-primary-2 grve-opacity-30\"><\/div><div class=\"grve-media\"><img decoding=\"async\" width=\"560\" height=\"420\" src=\"https:\/\/www.lofficina.be\/wp-content\/uploads\/2020\/12\/Restauration-lofficina-5-560x420.jpg\" class=\"attachment-movedo-grve-small-rect-horizontal size-movedo-grve-small-rect-horizontal\" alt=\"restauration maserati\" srcset=\"https:\/\/www.lofficina.be\/wp-content\/uploads\/2020\/12\/Restauration-lofficina-5-560x420.jpg 560w, https:\/\/www.lofficina.be\/wp-content\/uploads\/2020\/12\/Restauration-lofficina-5-300x225.jpg 300w, https:\/\/www.lofficina.be\/wp-content\/uploads\/2020\/12\/Restauration-lofficina-5-768x576.jpg 768w, https:\/\/www.lofficina.be\/wp-content\/uploads\/2020\/12\/Restauration-lofficina-5.jpg 900w\" sizes=\"(max-width: 560px) 100vw, 560px\" \/><\/div>  <\/figure><\/div>  <\/div><\/div>[\/vc_column][\/vc_row][vc_row padding_top_multiplier=\u00a0\u00bb\u00a0\u00bb padding_bottom_multiplier=\u00a0\u00bb3x\u00a0\u00bb][vc_column column_custom_position=\u00a0\u00bbyes\u00a0\u00bb position_top=\u00a0\u00bbminus-1x\u00a0\u00bb width=\u00a0\u00bb1\/2&Prime;]<h2 class=\"grve-element grve-title grve-align-center grve-h1 grve-increase-heading grve-heading-120\" style=\"\"><span>L\u2019Officina : m\u00e9thode de travail<\/span><\/h2>[vc_column_text text_style=\u00a0\u00bbleader-text\u00a0\u00bb]Pour la carrosserie, nous travaillons avec un partenaire renomm\u00e9 en Italie. Pendant que la voiture s\u2019y trouve pour une r\u00e9vision, nous nous concentrons sur la m\u00e9canique et l&rsquo;\u00e9lectronique \u2013 c&rsquo;est souvent l\u00e0 que le b\u00e2t blesse avec les v\u00e9hicules de collection italiens. L&rsquo;atelier L&rsquo;Officina dispose au sein de son \u00e9quipe d&rsquo;un expert pour chaque sp\u00e9cialit\u00e9. Vous pouvez en savoir plus en consultant notre page <a href=\"\/fr\/techniciens-officina\/\">techniciens Officina<\/a>.[\/vc_column_text][\/vc_column][vc_column column_custom_position=\u00a0\u00bbyes\u00a0\u00bb position_top=\u00a0\u00bbminus-1x\u00a0\u00bb width=\u00a0\u00bb1\/2&Prime;]<h2 class=\"grve-element grve-title grve-align-center grve-h1 grve-increase-heading grve-heading-120\" style=\"\"><span>Communication transparente<\/span><\/h2>[vc_column_text text_style=\u00a0\u00bbleader-text\u00a0\u00bb]\u00c0 L&rsquo;Officina, la restauration de votre voiture italienne de collection ne se fait pas \u00e0 huis clos. Vous \u00eates toujours le bienvenu, sur rendez-vous, pour voir et \u00e9valuer l&rsquo;avancement de votre projet dans notre atelier. La plupart de nos clients passent une fois par mois et sont tenus inform\u00e9s entre-temps par le biais d\u2019e-mails comprenant des photos illustrant le d\u00e9roulement du projet. En proc\u00e9dant de la sorte, vous voyez votre r\u00eave se r\u00e9aliser pas \u00e0 pas.[\/vc_column_text][\/vc_column][\/vc_row][vc_row heading_color=\u00a0\u00bbprimary-1&Prime; section_type=\u00a0\u00bbfullwidth\u00a0\u00bb bg_type=\u00a0\u00bbimage\u00a0\u00bb bg_position=\u00a0\u00bbcenter-bottom\u00a0\u00bb bg_tablet_sm_position=\u00a0\u00bbcenter-bottom\u00a0\u00bb padding_top_multiplier=\u00a0\u00bb\u00a0\u00bb padding_bottom_multiplier=\u00a0\u00bb\u00a0\u00bb columns_gap=\u00a0\u00bbnone\u00a0\u00bb font_color=\u00a0\u00bb#eb212e\u00a0\u00bb][vc_column]<div class=\"grve-element grve-image grve-align-center\" style=\"\">  <div class=\"grve-image-wrapper\"><img decoding=\"async\" width=\"1920\" height=\"1080\" src=\"https:\/\/www.lofficina.be\/wp-content\/uploads\/2020\/12\/Restauration-lofficina-3-2.jpg\" class=\"attachment-full size-full\" alt=\"restauration voitures italiennes\" srcset=\"https:\/\/www.lofficina.be\/wp-content\/uploads\/2020\/12\/Restauration-lofficina-3-2.jpg 1x,https:\/\/www.lofficina.be\/wp-content\/uploads\/2020\/12\/Restauration-lofficina-3-2.jpg 2x\" \/>   <\/div><\/div>[\/vc_column][\/vc_row][vc_row padding_top_multiplier=\u00a0\u00bb3x\u00a0\u00bb][vc_column width=\u00a0\u00bb1\/6&Prime;][\/vc_column][vc_column width=\u00a0\u00bb2\/3&Prime; text_align=\u00a0\u00bbcenter\u00a0\u00bb]<h2 class=\"grve-element grve-title grve-align-center grve-small-text\" style=\"margin-bottom: 10px;\"><span>Restauration voitures italiennes<\/span><\/h2><h2 class=\"grve-element grve-title grve-align-center grve-h1 grve-increase-heading grve-heading-120\" style=\"\"><span>Les \u00e9tapes principales :<\/span><\/h2>[\/vc_column][vc_column width=\u00a0\u00bb1\/6&Prime;][\/vc_column][\/vc_row][vc_row padding_bottom_multiplier=\u00a0\u00bb\u00a0\u00bb][vc_column width=\u00a0\u00bb1\/4&Prime; tablet_sm_width=\u00a0\u00bb1-2&Prime;]<div class=\"grve-element grve-box-icon grve-medium grve-top-icon grve-align-center\" style=\"\"><div class=\"grve-wrapper-icon grve-no-shape\" style=\"\"><i class=\"grve-text-primary-1 fas fa-eye\"><\/i><\/div><div class=\"grve-box-content\"><div class=\"grve-box-title-wrapper\"><h3 class=\"grve-box-title grve-h3\">Inspection de l'aluminium<\/h3><\/div>  <p class=\"grve-leader-text\">Y a-t-il ou non pr\u00e9sence d\u2019oxydation ? Dans quel \u00e9tat sont les cylindres ? Quelle est la solidit\u00e9 et la performance des autres \u00e9l\u00e9ments m\u00e9caniques ? Nous veillons \u00e0 ce que tout soit remis parfaitement en \u00e9tat afin que votre voiture de collection tourne comme une horloge.<\/p><\/div><\/div>[\/vc_column][vc_column width=\u00a0\u00bb1\/4&Prime; tablet_sm_width=\u00a0\u00bb1-2&Prime;]<div class=\"grve-element grve-box-icon grve-medium grve-top-icon grve-align-center\" style=\"\"><div class=\"grve-wrapper-icon grve-no-shape\" style=\"\"><i class=\"grve-text-primary-1 fas fa-wrench\"><\/i><\/div><div class=\"grve-box-content\"><div class=\"grve-box-title-wrapper\"><h3 class=\"grve-box-title grve-h3\">La m\u00e9canique<\/h3><\/div>  <p class=\"grve-leader-text\">La bo\u00eete de vitesses, la suspension, les freins et d&rsquo;autres pi\u00e8ces sont tous examin\u00e9s minutieusement par les techniciens de L&rsquo;Officina. Les \u00e9l\u00e9ments qui ne sont plus assez solides ou performants sont r\u00e9vis\u00e9s ou remplac\u00e9s. Vous pourrez quitter notre atelier m\u00e9canique et prendre la route le coeur l\u00e9ger.<\/p><\/div><\/div>[\/vc_column][vc_column width=\u00a0\u00bb1\/4&Prime; tablet_sm_width=\u00a0\u00bb1-2&Prime;]<div class=\"grve-element grve-box-icon grve-medium grve-top-icon grve-align-center\" style=\"\"><div class=\"grve-wrapper-icon grve-no-shape\" style=\"\"><i class=\"grve-text-primary-1 fas fa-car-battery\"><\/i><\/div><div class=\"grve-box-content\"><div class=\"grve-box-title-wrapper\"><h3 class=\"grve-box-title grve-h3\">L'\u00e9lectronique<\/h3><\/div>  <p class=\"grve-leader-text\">Si le c\u00e2blage et l&rsquo;\u00e9lectronique doivent \u00eatre restaur\u00e9s, nous le faisons sur place. Parfois, nous devons aussi installer un tout nouveau c\u00e2blage. Cela d\u00e9pend d&rsquo;une voiture \u00e0 l&rsquo;autre. Nos techniciens connaissent chaque sportive italienne sur le bout des doigts !<\/p><\/div><\/div>[\/vc_column][vc_column width=\u00a0\u00bb1\/4&Prime; tablet_sm_width=\u00a0\u00bb1-2&Prime;]<div class=\"grve-element grve-box-icon grve-medium grve-top-icon grve-align-center\" style=\"\"><div class=\"grve-wrapper-icon grve-no-shape\" style=\"\"><i class=\"grve-text-primary-1 vc-oi vc-oi-steering-wheel\"><\/i><\/div><div class=\"grve-box-content\"><div class=\"grve-box-title-wrapper\"><h3 class=\"grve-box-title grve-h3\">La phase de test<\/h3><\/div>  <p class=\"grve-leader-text\">Nous effectuons 200 \u00e0 300 kilom\u00e8tres de tests et d&rsquo;essais sur la route, en diff\u00e9rentes phases et progressivement. Moteur, syst\u00e8me de refroidissement, freins, suspension&#8230; Tout est soigneusement v\u00e9rifi\u00e9 et r\u00e9gl\u00e9 si n\u00e9cessaire. Apr\u00e8s la livraison, nous demandons au propri\u00e9taire de revenir apr\u00e8s 1 000 km pour un contr\u00f4le g\u00e9n\u00e9ral et, si besoin est, resserrer parfaitement les culasses.<\/p><\/div><\/div>[\/vc_column][\/vc_row][vc_row padding_bottom_multiplier=\u00a0\u00bb3x\u00a0\u00bb][vc_column]<div class=\"grve-element grve-align-center\"><a href=\"\/fr\/contact\/\" class=\"grve-btn grve-btn-medium grve-square grve-bg-primary-1 grve-bg-hover-primary-2\"><span>Demandez un devis<\/span><\/a><\/div>[\/vc_column][\/vc_row]<\/p>\n<\/div>","protected":false},"excerpt":{"rendered":"<p>[vc_row section_type=\u00a0\u00bbfullwidth\u00a0\u00bb padding_top_multiplier=\u00a0\u00bb\u00a0\u00bb padding_bottom_multiplier=\u00a0\u00bb\u00a0\u00bb columns_gap=\u00a0\u00bbnone\u00a0\u00bb][vc_column][\/vc_column][\/vc_row][vc_row padding_top_multiplier=\u00a0\u00bb\u00a0\u00bb padding_bottom_multiplier=\u00a0\u00bb\u00a0\u00bb][vc_column width=\u00a0\u00bb1\/12&Prime;][\/vc_column][vc_column column_custom_position=\u00a0\u00bbyes\u00a0\u00bb position_top=\u00a0\u00bbminus-6x\u00a0\u00bb width=\u00a0\u00bb10\/12&Prime; text_align=\u00a0\u00bbcenter\u00a0\u00bb css=\u00a0\u00bb.vc_custom_1609257142432{padding-top: 60px !important;padding-right: 60px !important;padding-bottom: 60px !important;padding-left: 60px !important;background-color: #ffffff !important;}\u00a0\u00bb][vc_column_text text_style=\u00a0\u00bbleader-text\u00a0\u00bb]La restauration de voitures italiennes de collection ou anciennes fait partie de l&rsquo;adn de notre atelier. Nous avons acquis une s\u00e9rieuse r\u00e9putation, m\u00eame en dehors de la Belgique, dans la restauration des [&hellip;]<\/p>\n","protected":false},"author":1,"featured_media":0,"parent":0,"menu_order":0,"comment_status":"closed","ping_status":"closed","template":"","meta":{"footnotes":""},"class_list":["post-16","page","type-page","status-publish","hentry"],"yoast_head":"<!-- This site is optimized with the Yoast SEO plugin v26.3 - https:\/\/yoast.com\/wordpress\/plugins\/seo\/ -->\n<title>Restauration FERRARI et MASERATI \u00e0 l&#039;Officina Bruxelles<\/title>\n<meta name=\"description\" content=\"\u00c0 L\u2019Officina, la restauration des voitures italiennes est un art. Demandez un devis \u00e0 votre sp\u00e9cialiste Ferrari et Maserati ind\u00e9pendant.\" \/>\n<meta name=\"robots\" content=\"index, follow, max-snippet:-1, max-image-preview:large, max-video-preview:-1\" \/>\n<link rel=\"canonical\" href=\"https:\/\/www.lofficina.be\/fr\/restauration-voitures-italiennes\/\" \/>\n<meta property=\"og:locale\" content=\"fr_FR\" \/>\n<meta property=\"og:type\" content=\"article\" \/>\n<meta property=\"og:title\" content=\"Restauration FERRARI et MASERATI \u00e0 l&#039;Officina Bruxelles\" \/>\n<meta property=\"og:description\" content=\"\u00c0 L\u2019Officina, la restauration des voitures italiennes est un art. Demandez un devis \u00e0 votre sp\u00e9cialiste Ferrari et Maserati ind\u00e9pendant.\" \/>\n<meta property=\"og:url\" content=\"https:\/\/www.lofficina.be\/fr\/restauration-voitures-italiennes\/\" \/>\n<meta property=\"og:site_name\" content=\"L&#039;Officina\" \/>\n<meta property=\"article:publisher\" content=\"https:\/\/www.facebook.com\/officinabelgique\/\" \/>\n<meta property=\"article:modified_time\" content=\"2021-03-04T16:12:56+00:00\" \/>\n<meta name=\"twitter:card\" content=\"summary_large_image\" \/>\n<meta name=\"twitter:label1\" content=\"Dur\u00e9e de lecture estim\u00e9e\" \/>\n\t<meta name=\"twitter:data1\" content=\"3 minutes\" \/>\n<script type=\"application\/ld+json\" class=\"yoast-schema-graph\">{\"@context\":\"https:\/\/schema.org\",\"@graph\":[{\"@type\":\"WebPage\",\"@id\":\"https:\/\/www.lofficina.be\/fr\/restauration-voitures-italiennes\/\",\"url\":\"https:\/\/www.lofficina.be\/fr\/restauration-voitures-italiennes\/\",\"name\":\"Restauration FERRARI et MASERATI \u00e0 l'Officina Bruxelles\",\"isPartOf\":{\"@id\":\"https:\/\/www.lofficina.be\/fr\/#website\"},\"datePublished\":\"2020-11-17T11:36:27+00:00\",\"dateModified\":\"2021-03-04T16:12:56+00:00\",\"description\":\"\u00c0 L\u2019Officina, la restauration des voitures italiennes est un art. Demandez un devis \u00e0 votre sp\u00e9cialiste Ferrari et Maserati ind\u00e9pendant.\",\"breadcrumb\":{\"@id\":\"https:\/\/www.lofficina.be\/fr\/restauration-voitures-italiennes\/#breadcrumb\"},\"inLanguage\":\"fr-FR\",\"potentialAction\":[{\"@type\":\"ReadAction\",\"target\":[\"https:\/\/www.lofficina.be\/fr\/restauration-voitures-italiennes\/\"]}]},{\"@type\":\"BreadcrumbList\",\"@id\":\"https:\/\/www.lofficina.be\/fr\/restauration-voitures-italiennes\/#breadcrumb\",\"itemListElement\":[{\"@type\":\"ListItem\",\"position\":1,\"name\":\"Accueil\",\"item\":\"https:\/\/www.lofficina.be\/fr\/lofficina\/\"},{\"@type\":\"ListItem\",\"position\":2,\"name\":\"Restauration Voitures Italiennes\"}]},{\"@type\":\"WebSite\",\"@id\":\"https:\/\/www.lofficina.be\/fr\/#website\",\"url\":\"https:\/\/www.lofficina.be\/fr\/\",\"name\":\"L&#039;Officina\",\"description\":\"Sp\u00e9cialiste ind\u00e9pendant Ferrari \u2013 Maserati\",\"publisher\":{\"@id\":\"https:\/\/www.lofficina.be\/fr\/#organization\"},\"potentialAction\":[{\"@type\":\"SearchAction\",\"target\":{\"@type\":\"EntryPoint\",\"urlTemplate\":\"https:\/\/www.lofficina.be\/fr\/?s={search_term_string}\"},\"query-input\":{\"@type\":\"PropertyValueSpecification\",\"valueRequired\":true,\"valueName\":\"search_term_string\"}}],\"inLanguage\":\"fr-FR\"},{\"@type\":\"Organization\",\"@id\":\"https:\/\/www.lofficina.be\/fr\/#organization\",\"name\":\"L'Officina\",\"url\":\"https:\/\/www.lofficina.be\/fr\/\",\"logo\":{\"@type\":\"ImageObject\",\"inLanguage\":\"fr-FR\",\"@id\":\"https:\/\/www.lofficina.be\/fr\/#\/schema\/logo\/image\/\",\"url\":\"https:\/\/www.lofficina.be\/wp-content\/uploads\/2020\/12\/lofficina-logo-baseline.svg\",\"contentUrl\":\"https:\/\/www.lofficina.be\/wp-content\/uploads\/2020\/12\/lofficina-logo-baseline.svg\",\"width\":474,\"height\":114,\"caption\":\"L'Officina\"},\"image\":{\"@id\":\"https:\/\/www.lofficina.be\/fr\/#\/schema\/logo\/image\/\"},\"sameAs\":[\"https:\/\/www.facebook.com\/officinabelgique\/\",\"https:\/\/www.instagram.com\/lofficina_overijse\/\",\"https:\/\/www.youtube.com\/channel\/UC_8rIH0uAoCwhDQzYjCBdXw\"]}]}<\/script>\n<!-- \/ Yoast SEO plugin. -->","yoast_head_json":{"title":"Restauration FERRARI et MASERATI \u00e0 l'Officina Bruxelles","description":"\u00c0 L\u2019Officina, la restauration des voitures italiennes est un art. Demandez un devis \u00e0 votre sp\u00e9cialiste Ferrari et Maserati ind\u00e9pendant.","robots":{"index":"index","follow":"follow","max-snippet":"max-snippet:-1","max-image-preview":"max-image-preview:large","max-video-preview":"max-video-preview:-1"},"canonical":"https:\/\/www.lofficina.be\/fr\/restauration-voitures-italiennes\/","og_locale":"fr_FR","og_type":"article","og_title":"Restauration FERRARI et MASERATI \u00e0 l'Officina Bruxelles","og_description":"\u00c0 L\u2019Officina, la restauration des voitures italiennes est un art. Demandez un devis \u00e0 votre sp\u00e9cialiste Ferrari et Maserati ind\u00e9pendant.","og_url":"https:\/\/www.lofficina.be\/fr\/restauration-voitures-italiennes\/","og_site_name":"L&#039;Officina","article_publisher":"https:\/\/www.facebook.com\/officinabelgique\/","article_modified_time":"2021-03-04T16:12:56+00:00","twitter_card":"summary_large_image","twitter_misc":{"Dur\u00e9e de lecture estim\u00e9e":"3 minutes"},"schema":{"@context":"https:\/\/schema.org","@graph":[{"@type":"WebPage","@id":"https:\/\/www.lofficina.be\/fr\/restauration-voitures-italiennes\/","url":"https:\/\/www.lofficina.be\/fr\/restauration-voitures-italiennes\/","name":"Restauration FERRARI et MASERATI \u00e0 l'Officina Bruxelles","isPartOf":{"@id":"https:\/\/www.lofficina.be\/fr\/#website"},"datePublished":"2020-11-17T11:36:27+00:00","dateModified":"2021-03-04T16:12:56+00:00","description":"\u00c0 L\u2019Officina, la restauration des voitures italiennes est un art. Demandez un devis \u00e0 votre sp\u00e9cialiste Ferrari et Maserati ind\u00e9pendant.","breadcrumb":{"@id":"https:\/\/www.lofficina.be\/fr\/restauration-voitures-italiennes\/#breadcrumb"},"inLanguage":"fr-FR","potentialAction":[{"@type":"ReadAction","target":["https:\/\/www.lofficina.be\/fr\/restauration-voitures-italiennes\/"]}]},{"@type":"BreadcrumbList","@id":"https:\/\/www.lofficina.be\/fr\/restauration-voitures-italiennes\/#breadcrumb","itemListElement":[{"@type":"ListItem","position":1,"name":"Accueil","item":"https:\/\/www.lofficina.be\/fr\/lofficina\/"},{"@type":"ListItem","position":2,"name":"Restauration Voitures Italiennes"}]},{"@type":"WebSite","@id":"https:\/\/www.lofficina.be\/fr\/#website","url":"https:\/\/www.lofficina.be\/fr\/","name":"L&#039;Officina","description":"Sp\u00e9cialiste ind\u00e9pendant Ferrari \u2013 Maserati","publisher":{"@id":"https:\/\/www.lofficina.be\/fr\/#organization"},"potentialAction":[{"@type":"SearchAction","target":{"@type":"EntryPoint","urlTemplate":"https:\/\/www.lofficina.be\/fr\/?s={search_term_string}"},"query-input":{"@type":"PropertyValueSpecification","valueRequired":true,"valueName":"search_term_string"}}],"inLanguage":"fr-FR"},{"@type":"Organization","@id":"https:\/\/www.lofficina.be\/fr\/#organization","name":"L'Officina","url":"https:\/\/www.lofficina.be\/fr\/","logo":{"@type":"ImageObject","inLanguage":"fr-FR","@id":"https:\/\/www.lofficina.be\/fr\/#\/schema\/logo\/image\/","url":"https:\/\/www.lofficina.be\/wp-content\/uploads\/2020\/12\/lofficina-logo-baseline.svg","contentUrl":"https:\/\/www.lofficina.be\/wp-content\/uploads\/2020\/12\/lofficina-logo-baseline.svg","width":474,"height":114,"caption":"L'Officina"},"image":{"@id":"https:\/\/www.lofficina.be\/fr\/#\/schema\/logo\/image\/"},"sameAs":["https:\/\/www.facebook.com\/officinabelgique\/","https:\/\/www.instagram.com\/lofficina_overijse\/","https:\/\/www.youtube.com\/channel\/UC_8rIH0uAoCwhDQzYjCBdXw"]}]}},"_links":{"self":[{"href":"https:\/\/www.lofficina.be\/fr\/wp-json\/wp\/v2\/pages\/16","targetHints":{"allow":["GET"]}}],"collection":[{"href":"https:\/\/www.lofficina.be\/fr\/wp-json\/wp\/v2\/pages"}],"about":[{"href":"https:\/\/www.lofficina.be\/fr\/wp-json\/wp\/v2\/types\/page"}],"author":[{"embeddable":true,"href":"https:\/\/www.lofficina.be\/fr\/wp-json\/wp\/v2\/users\/1"}],"replies":[{"embeddable":true,"href":"https:\/\/www.lofficina.be\/fr\/wp-json\/wp\/v2\/comments?post=16"}],"version-history":[{"count":0,"href":"https:\/\/www.lofficina.be\/fr\/wp-json\/wp\/v2\/pages\/16\/revisions"}],"wp:attachment":[{"href":"https:\/\/www.lofficina.be\/fr\/wp-json\/wp\/v2\/media?parent=16"}],"curies":[{"name":"wp","href":"https:\/\/api.w.org\/{rel}","templated":true}]}}