{"id":14,"date":"2020-11-17T12:35:44","date_gmt":"2020-11-17T11:35:44","guid":{"rendered":"http:\/\/dev.lofficina.be\/?page_id=14"},"modified":"2021-03-04T17:06:36","modified_gmt":"2021-03-04T16:06:36","slug":"entretien-ferrari-maserati","status":"publish","type":"page","link":"https:\/\/www.lofficina.be\/fr\/entretien-ferrari-maserati\/","title":{"rendered":"Entretien Ferrari &#8211; Maserati"},"content":{"rendered":"<div class=\"wpb-content-wrapper\"><p>[vc_row section_type=\u00a0\u00bbfullwidth\u00a0\u00bb padding_top_multiplier=\u00a0\u00bb\u00a0\u00bb padding_bottom_multiplier=\u00a0\u00bb\u00a0\u00bb columns_gap=\u00a0\u00bbnone\u00a0\u00bb][vc_column]<div class=\"grve-element grve-image grve-align-center grve-full-image grve-image-space-100\" style=\"\">  <div class=\"grve-image-wrapper\"><img decoding=\"async\" width=\"1920\" height=\"1080\" src=\"https:\/\/www.lofficina.be\/wp-content\/uploads\/2020\/12\/Entretien-lofficina-1.jpg\" class=\"attachment-full size-full\" alt=\"entretien r\u00e9paration maserati\" srcset=\"https:\/\/www.lofficina.be\/wp-content\/uploads\/2020\/12\/Entretien-lofficina-1.jpg 1x,https:\/\/www.lofficina.be\/wp-content\/uploads\/2020\/12\/Entretien-lofficina-1.jpg 2x\" \/>   <\/div><\/div>[\/vc_column][\/vc_row][vc_row padding_top_multiplier=\u00a0\u00bb\u00a0\u00bb padding_bottom_multiplier=\u00a0\u00bb\u00a0\u00bb][vc_column width=\u00a0\u00bb1\/12&Prime;][\/vc_column][vc_column column_custom_position=\u00a0\u00bbyes\u00a0\u00bb position_top=\u00a0\u00bbminus-6x\u00a0\u00bb width=\u00a0\u00bb10\/12&Prime; text_align=\u00a0\u00bbcenter\u00a0\u00bb css=\u00a0\u00bb.vc_custom_1609256504619{padding-top: 60px !important;padding-right: 60px !important;padding-bottom: 60px !important;padding-left: 60px !important;background-color: #ffffff !important;}\u00a0\u00bb]<h2 class=\"grve-element grve-title grve-align-center grve-h2 grve-increase-heading grve-heading-120\" style=\"\"><span>L&rsquo;entretien passion Ferrari Maserati<\/span><\/h2>[vc_column_text text_style=\u00a0\u00bbleader-text\u00a0\u00bb]Depuis 2004, L&rsquo;Officina entretien et r\u00e9pare les voitures italiennes avec une pr\u00e9dilection pour les marques Ferrari et Maserati. Nous sommes situ\u00e9s \u00e0 la p\u00e9riph\u00e9rie de Bruxelles et nos clients viennent de toute la Belgique, de la France, du Luxembourg et de bien d&rsquo;autres pays europ\u00e9ens. C&rsquo;est la passion pour les Ferrari et Maserati qui ont fait notre r\u00e9putation et c&rsquo;est la raison pour laquelle nos clients n&rsquo;h\u00e9sitent pas \u00e0 faire des centaines de kilom\u00e8tres pour venir entretenir leurs belles italiennes \u00e0 quelques encablures de Bruxelles.<\/p>\n<p>Donner \u00e0 votre voiture de collection l&rsquo;attention et le service qu&rsquo;elle m\u00e9rite, la pr\u00e9parer pour une saison d\u2019\u00e9v\u00e9nements et de rallyes r\u00e9ussie ou faire inspecter votre v\u00e9hicule par un v\u00e9ritable expert&#8230; pour tout cela, L&rsquo;Officina est votre partenaire. Nous savons mieux que quiconque ce que votre voiture repr\u00e9sente pour vous et nous comprenons parfaitement ce que vous attendez de nous. Toutes les r\u00e9parations m\u00e9caniques et \u00e9lectriques sont effectu\u00e9es dans notre propre atelier afin de garantir le plus haut niveau de qualit\u00e9.[\/vc_column_text]<div class=\"grve-empty-space grve-height-1x\" style=\"\"><\/div><div class=\"grve-element grve-align-center\"><a href=\"\/fr\/contact\/\" class=\"grve-btn grve-btn-medium grve-square grve-bg-primary-1 grve-bg-hover-primary-2\"><span>Demandez un devis<\/span><\/a><\/div>[\/vc_column][vc_column width=\u00a0\u00bb1\/12&Prime;][\/vc_column][\/vc_row][vc_row section_type=\u00a0\u00bbfullwidth\u00a0\u00bb padding_top_multiplier=\u00a0\u00bb\u00a0\u00bb padding_bottom_multiplier=\u00a0\u00bb3x\u00a0\u00bb columns_gap=\u00a0\u00bb15&Prime;][vc_column column_custom_position=\u00a0\u00bbyes\u00a0\u00bb position_top=\u00a0\u00bbminus-4x\u00a0\u00bb]<div class=\"grve-element grve-gallery grve-isotope grve-gallery-popup grve-with-gap\" style=\"\" data-columns=\"3\" data-columns-large-screen=\"3\" data-columns-tablet-landscape=\"3\" data-columns-tablet-portrait=\"3\" data-columns-mobile=\"1\" data-layout=\"fitRows\" data-gutter-size=\"15\">  <div class=\"grve-isotope-container\"><div class=\"grve-isotope-item grve-hover-item grve-hover-style-none\">  <figure class=\"grve-image-hover grve-zoom-in\">    <a class=\"grve-item-url\" href=\"https:\/\/www.lofficina.be\/wp-content\/uploads\/2020\/12\/Entretien-lofficina-2.jpg\" ><\/a>    <div class=\"grve-hover-overlay grve-bg-primary-2 grve-opacity-30\"><\/div><div class=\"grve-media\"><img decoding=\"async\" width=\"900\" height=\"675\" src=\"https:\/\/www.lofficina.be\/wp-content\/uploads\/2020\/12\/Entretien-lofficina-2-900x675.jpg\" class=\"attachment-movedo-grve-medium-rect-horizontal size-movedo-grve-medium-rect-horizontal\" alt=\"entretien r\u00e9paration ferrari\" srcset=\"https:\/\/www.lofficina.be\/wp-content\/uploads\/2020\/12\/Entretien-lofficina-2.jpg 900w, https:\/\/www.lofficina.be\/wp-content\/uploads\/2020\/12\/Entretien-lofficina-2-300x225.jpg 300w, https:\/\/www.lofficina.be\/wp-content\/uploads\/2020\/12\/Entretien-lofficina-2-768x576.jpg 768w, https:\/\/www.lofficina.be\/wp-content\/uploads\/2020\/12\/Entretien-lofficina-2-560x420.jpg 560w\" sizes=\"(max-width: 900px) 100vw, 900px\" \/><\/div>  <\/figure><\/div><div class=\"grve-isotope-item grve-hover-item grve-hover-style-none\">  <figure class=\"grve-image-hover grve-zoom-in\">    <a class=\"grve-item-url\" href=\"https:\/\/www.lofficina.be\/wp-content\/uploads\/2020\/12\/Entretien-lofficina-3.jpg\" ><\/a>    <div class=\"grve-hover-overlay grve-bg-primary-2 grve-opacity-30\"><\/div><div class=\"grve-media\"><img decoding=\"async\" width=\"900\" height=\"675\" src=\"https:\/\/www.lofficina.be\/wp-content\/uploads\/2020\/12\/Entretien-lofficina-3-900x675.jpg\" class=\"attachment-movedo-grve-medium-rect-horizontal size-movedo-grve-medium-rect-horizontal\" alt=\"sp\u00e9cialiste ferrari maserati bruxelles\" srcset=\"https:\/\/www.lofficina.be\/wp-content\/uploads\/2020\/12\/Entretien-lofficina-3.jpg 900w, https:\/\/www.lofficina.be\/wp-content\/uploads\/2020\/12\/Entretien-lofficina-3-300x225.jpg 300w, https:\/\/www.lofficina.be\/wp-content\/uploads\/2020\/12\/Entretien-lofficina-3-768x576.jpg 768w, https:\/\/www.lofficina.be\/wp-content\/uploads\/2020\/12\/Entretien-lofficina-3-560x420.jpg 560w\" sizes=\"(max-width: 900px) 100vw, 900px\" \/><\/div>  <\/figure><\/div><div class=\"grve-isotope-item grve-hover-item grve-hover-style-none\">  <figure class=\"grve-image-hover grve-zoom-in\">    <a class=\"grve-item-url\" href=\"https:\/\/www.lofficina.be\/wp-content\/uploads\/2020\/12\/Entretien-lofficina-4.jpg\" ><\/a>    <div class=\"grve-hover-overlay grve-bg-primary-2 grve-opacity-30\"><\/div><div class=\"grve-media\"><img decoding=\"async\" width=\"900\" height=\"675\" src=\"https:\/\/www.lofficina.be\/wp-content\/uploads\/2020\/12\/Entretien-lofficina-4-900x675.jpg\" class=\"attachment-movedo-grve-medium-rect-horizontal size-movedo-grve-medium-rect-horizontal\" alt=\"entretien voiture de collection\" srcset=\"https:\/\/www.lofficina.be\/wp-content\/uploads\/2020\/12\/Entretien-lofficina-4.jpg 900w, https:\/\/www.lofficina.be\/wp-content\/uploads\/2020\/12\/Entretien-lofficina-4-300x225.jpg 300w, https:\/\/www.lofficina.be\/wp-content\/uploads\/2020\/12\/Entretien-lofficina-4-768x576.jpg 768w, https:\/\/www.lofficina.be\/wp-content\/uploads\/2020\/12\/Entretien-lofficina-4-560x420.jpg 560w\" sizes=\"(max-width: 900px) 100vw, 900px\" \/><\/div>  <\/figure><\/div>  <\/div><\/div>[\/vc_column][\/vc_row][vc_row padding_top_multiplier=\u00a0\u00bb\u00a0\u00bb padding_bottom_multiplier=\u00a0\u00bb\u00a0\u00bb][vc_column width=\u00a0\u00bb1\/12&Prime;][\/vc_column][vc_column column_custom_position=\u00a0\u00bbyes\u00a0\u00bb position_top=\u00a0\u00bbminus-4x\u00a0\u00bb width=\u00a0\u00bb10\/12&Prime; text_align=\u00a0\u00bbcenter\u00a0\u00bb]<h2 class=\"grve-element grve-title grve-align-center grve-h2 grve-increase-heading grve-heading-120\" style=\"\"><span>Voitures italiennes modernes ou de collection<\/span><\/h2>[vc_column_text text_style=\u00a0\u00bbleader-text\u00a0\u00bb]Chaque Ferrari ou Maserati a sa propre construction, son histoire et son temp\u00e9rament. \u00c0 L&rsquo;Officina, pratiquement tous les types de voitures de ces marques sont pass\u00e9s par notre atelier de Bruxelles. Pour les Ferrari et Maserati actuelles, nous disposons des \u00e9quipements de diagnostic les plus r\u00e9cents, permettant de d\u00e9tecter rapidement le moindre dysfonctionnement et de se mettre au travail. Les voitures italiennes de collection n\u00e9cessitent une approche diff\u00e9rente. Quel que soit le nombre de kilom\u00e8tres parcourus, un entretien annuel est indispensable. Conscients de cette r\u00e9alit\u00e9, nous pouvons aborder de mani\u00e8re proactive d&rsquo;autres points particuliers \u00e9ventuels.<\/p>\n<p>De nombreux clients de L&rsquo;Officina passent chaque ann\u00e9e effectuer un contr\u00f4le de printemps, qu&rsquo;ils viennent de Namur, Liege, Luxembourg ou Paris !\u00a0Pour une voiture italienne, c\u2019est dans l\u2019ann\u00e9e le moment id\u00e9al pour \u00eatre au sommet de sa forme. \u00c0 l&rsquo;aube d\u2019une saison estivale ensoleill\u00e9e.<\/p>\n<p>Confier sa Ferrari ou sa Maserati au garage L&rsquo;Officina Bruxelles, c&rsquo;est s&rsquo;assurer que la m\u00e9lodie de son moteur vous accompagne toute la belle saison sans fausse note.[\/vc_column_text]<div class=\"grve-empty-space grve-height-1x\" style=\"\"><\/div><div class=\"grve-element grve-align-center\"><a href=\"\/fr\/contact\/\" class=\"grve-btn grve-btn-medium grve-square grve-bg-primary-1 grve-bg-hover-primary-2\"><span>Demandez un devis<\/span><\/a><\/div>[\/vc_column][vc_column width=\u00a0\u00bb1\/12&Prime;][\/vc_column][\/vc_row][vc_row heading_color=\u00a0\u00bbprimary-1&Prime; section_type=\u00a0\u00bbfullwidth\u00a0\u00bb padding_top_multiplier=\u00a0\u00bb\u00a0\u00bb padding_bottom_multiplier=\u00a0\u00bb\u00a0\u00bb columns_gap=\u00a0\u00bbnone\u00a0\u00bb font_color=\u00a0\u00bb#eb212e\u00a0\u00bb][vc_column]<div class=\"grve-element grve-image grve-align-center grve-full-image grve-image-space-100\" style=\"\">  <div class=\"grve-image-wrapper\"><img decoding=\"async\" width=\"1920\" height=\"1080\" src=\"https:\/\/www.lofficina.be\/wp-content\/uploads\/2020\/12\/Entretien-lofficina-6.jpg\" class=\"attachment-full size-full\" alt=\"sp\u00e9cialiste entretien ferrari maserati\" srcset=\"https:\/\/www.lofficina.be\/wp-content\/uploads\/2020\/12\/Entretien-lofficina-6.jpg 1x,https:\/\/www.lofficina.be\/wp-content\/uploads\/2020\/12\/Entretien-lofficina-6.jpg 2x\" \/>   <\/div><\/div>[\/vc_column][\/vc_row]<\/p>\n<\/div>","protected":false},"excerpt":{"rendered":"<p>[vc_row section_type=\u00a0\u00bbfullwidth\u00a0\u00bb padding_top_multiplier=\u00a0\u00bb\u00a0\u00bb padding_bottom_multiplier=\u00a0\u00bb\u00a0\u00bb columns_gap=\u00a0\u00bbnone\u00a0\u00bb][vc_column][\/vc_column][\/vc_row][vc_row padding_top_multiplier=\u00a0\u00bb\u00a0\u00bb padding_bottom_multiplier=\u00a0\u00bb\u00a0\u00bb][vc_column width=\u00a0\u00bb1\/12&Prime;][\/vc_column][vc_column column_custom_position=\u00a0\u00bbyes\u00a0\u00bb position_top=\u00a0\u00bbminus-6x\u00a0\u00bb width=\u00a0\u00bb10\/12&Prime; text_align=\u00a0\u00bbcenter\u00a0\u00bb css=\u00a0\u00bb.vc_custom_1609256504619{padding-top: 60px !important;padding-right: 60px !important;padding-bottom: 60px !important;padding-left: 60px !important;background-color: #ffffff !important;}\u00a0\u00bb][vc_column_text text_style=\u00a0\u00bbleader-text\u00a0\u00bb]Depuis 2004, L&rsquo;Officina entretien et r\u00e9pare les voitures italiennes avec une pr\u00e9dilection pour les marques Ferrari et Maserati. Nous sommes situ\u00e9s \u00e0 la p\u00e9riph\u00e9rie de Bruxelles et nos clients viennent de toute [&hellip;]<\/p>\n","protected":false},"author":1,"featured_media":0,"parent":0,"menu_order":0,"comment_status":"closed","ping_status":"closed","template":"","meta":{"footnotes":""},"class_list":["post-14","page","type-page","status-publish","hentry"],"yoast_head":"<!-- This site is optimized with the Yoast SEO plugin v26.3 - https:\/\/yoast.com\/wordpress\/plugins\/seo\/ -->\n<title>Entretien FERRARI MASERATI - L&#039;Officina votre atelier sp\u00e9cialis\u00e9<\/title>\n<meta name=\"description\" content=\"Depuis 2004, L\u2019Officina entretien et r\u00e9pare les voitures italiennes avec une pr\u00e9dilection pour les marques Ferrari et Maserati.\" \/>\n<meta name=\"robots\" content=\"index, follow, max-snippet:-1, max-image-preview:large, max-video-preview:-1\" \/>\n<link rel=\"canonical\" href=\"https:\/\/www.lofficina.be\/fr\/entretien-ferrari-maserati\/\" \/>\n<meta property=\"og:locale\" content=\"fr_FR\" \/>\n<meta property=\"og:type\" content=\"article\" \/>\n<meta property=\"og:title\" content=\"Entretien FERRARI MASERATI - L&#039;Officina votre atelier sp\u00e9cialis\u00e9\" \/>\n<meta property=\"og:description\" content=\"Depuis 2004, L\u2019Officina entretien et r\u00e9pare les voitures italiennes avec une pr\u00e9dilection pour les marques Ferrari et Maserati.\" \/>\n<meta property=\"og:url\" content=\"https:\/\/www.lofficina.be\/fr\/entretien-ferrari-maserati\/\" \/>\n<meta property=\"og:site_name\" content=\"L&#039;Officina\" \/>\n<meta property=\"article:publisher\" content=\"https:\/\/www.facebook.com\/officinabelgique\/\" \/>\n<meta property=\"article:modified_time\" content=\"2021-03-04T16:06:36+00:00\" \/>\n<meta name=\"twitter:card\" content=\"summary_large_image\" \/>\n<meta name=\"twitter:label1\" content=\"Dur\u00e9e de lecture estim\u00e9e\" \/>\n\t<meta name=\"twitter:data1\" content=\"3 minutes\" \/>\n<script type=\"application\/ld+json\" class=\"yoast-schema-graph\">{\"@context\":\"https:\/\/schema.org\",\"@graph\":[{\"@type\":\"WebPage\",\"@id\":\"https:\/\/www.lofficina.be\/fr\/entretien-ferrari-maserati\/\",\"url\":\"https:\/\/www.lofficina.be\/fr\/entretien-ferrari-maserati\/\",\"name\":\"Entretien FERRARI MASERATI - L'Officina votre atelier sp\u00e9cialis\u00e9\",\"isPartOf\":{\"@id\":\"https:\/\/www.lofficina.be\/fr\/#website\"},\"datePublished\":\"2020-11-17T11:35:44+00:00\",\"dateModified\":\"2021-03-04T16:06:36+00:00\",\"description\":\"Depuis 2004, L\u2019Officina entretien et r\u00e9pare les voitures italiennes avec une pr\u00e9dilection pour les marques Ferrari et Maserati.\",\"breadcrumb\":{\"@id\":\"https:\/\/www.lofficina.be\/fr\/entretien-ferrari-maserati\/#breadcrumb\"},\"inLanguage\":\"fr-FR\",\"potentialAction\":[{\"@type\":\"ReadAction\",\"target\":[\"https:\/\/www.lofficina.be\/fr\/entretien-ferrari-maserati\/\"]}]},{\"@type\":\"BreadcrumbList\",\"@id\":\"https:\/\/www.lofficina.be\/fr\/entretien-ferrari-maserati\/#breadcrumb\",\"itemListElement\":[{\"@type\":\"ListItem\",\"position\":1,\"name\":\"Accueil\",\"item\":\"https:\/\/www.lofficina.be\/fr\/lofficina\/\"},{\"@type\":\"ListItem\",\"position\":2,\"name\":\"Entretien Ferrari &#8211; Maserati\"}]},{\"@type\":\"WebSite\",\"@id\":\"https:\/\/www.lofficina.be\/fr\/#website\",\"url\":\"https:\/\/www.lofficina.be\/fr\/\",\"name\":\"L&#039;Officina\",\"description\":\"Sp\u00e9cialiste ind\u00e9pendant Ferrari \u2013 Maserati\",\"publisher\":{\"@id\":\"https:\/\/www.lofficina.be\/fr\/#organization\"},\"potentialAction\":[{\"@type\":\"SearchAction\",\"target\":{\"@type\":\"EntryPoint\",\"urlTemplate\":\"https:\/\/www.lofficina.be\/fr\/?s={search_term_string}\"},\"query-input\":{\"@type\":\"PropertyValueSpecification\",\"valueRequired\":true,\"valueName\":\"search_term_string\"}}],\"inLanguage\":\"fr-FR\"},{\"@type\":\"Organization\",\"@id\":\"https:\/\/www.lofficina.be\/fr\/#organization\",\"name\":\"L'Officina\",\"url\":\"https:\/\/www.lofficina.be\/fr\/\",\"logo\":{\"@type\":\"ImageObject\",\"inLanguage\":\"fr-FR\",\"@id\":\"https:\/\/www.lofficina.be\/fr\/#\/schema\/logo\/image\/\",\"url\":\"https:\/\/www.lofficina.be\/wp-content\/uploads\/2020\/12\/lofficina-logo-baseline.svg\",\"contentUrl\":\"https:\/\/www.lofficina.be\/wp-content\/uploads\/2020\/12\/lofficina-logo-baseline.svg\",\"width\":474,\"height\":114,\"caption\":\"L'Officina\"},\"image\":{\"@id\":\"https:\/\/www.lofficina.be\/fr\/#\/schema\/logo\/image\/\"},\"sameAs\":[\"https:\/\/www.facebook.com\/officinabelgique\/\",\"https:\/\/www.instagram.com\/lofficina_overijse\/\",\"https:\/\/www.youtube.com\/channel\/UC_8rIH0uAoCwhDQzYjCBdXw\"]}]}<\/script>\n<!-- \/ Yoast SEO plugin. -->","yoast_head_json":{"title":"Entretien FERRARI MASERATI - L'Officina votre atelier sp\u00e9cialis\u00e9","description":"Depuis 2004, L\u2019Officina entretien et r\u00e9pare les voitures italiennes avec une pr\u00e9dilection pour les marques Ferrari et Maserati.","robots":{"index":"index","follow":"follow","max-snippet":"max-snippet:-1","max-image-preview":"max-image-preview:large","max-video-preview":"max-video-preview:-1"},"canonical":"https:\/\/www.lofficina.be\/fr\/entretien-ferrari-maserati\/","og_locale":"fr_FR","og_type":"article","og_title":"Entretien FERRARI MASERATI - L'Officina votre atelier sp\u00e9cialis\u00e9","og_description":"Depuis 2004, L\u2019Officina entretien et r\u00e9pare les voitures italiennes avec une pr\u00e9dilection pour les marques Ferrari et Maserati.","og_url":"https:\/\/www.lofficina.be\/fr\/entretien-ferrari-maserati\/","og_site_name":"L&#039;Officina","article_publisher":"https:\/\/www.facebook.com\/officinabelgique\/","article_modified_time":"2021-03-04T16:06:36+00:00","twitter_card":"summary_large_image","twitter_misc":{"Dur\u00e9e de lecture estim\u00e9e":"3 minutes"},"schema":{"@context":"https:\/\/schema.org","@graph":[{"@type":"WebPage","@id":"https:\/\/www.lofficina.be\/fr\/entretien-ferrari-maserati\/","url":"https:\/\/www.lofficina.be\/fr\/entretien-ferrari-maserati\/","name":"Entretien FERRARI MASERATI - L'Officina votre atelier sp\u00e9cialis\u00e9","isPartOf":{"@id":"https:\/\/www.lofficina.be\/fr\/#website"},"datePublished":"2020-11-17T11:35:44+00:00","dateModified":"2021-03-04T16:06:36+00:00","description":"Depuis 2004, L\u2019Officina entretien et r\u00e9pare les voitures italiennes avec une pr\u00e9dilection pour les marques Ferrari et Maserati.","breadcrumb":{"@id":"https:\/\/www.lofficina.be\/fr\/entretien-ferrari-maserati\/#breadcrumb"},"inLanguage":"fr-FR","potentialAction":[{"@type":"ReadAction","target":["https:\/\/www.lofficina.be\/fr\/entretien-ferrari-maserati\/"]}]},{"@type":"BreadcrumbList","@id":"https:\/\/www.lofficina.be\/fr\/entretien-ferrari-maserati\/#breadcrumb","itemListElement":[{"@type":"ListItem","position":1,"name":"Accueil","item":"https:\/\/www.lofficina.be\/fr\/lofficina\/"},{"@type":"ListItem","position":2,"name":"Entretien Ferrari &#8211; Maserati"}]},{"@type":"WebSite","@id":"https:\/\/www.lofficina.be\/fr\/#website","url":"https:\/\/www.lofficina.be\/fr\/","name":"L&#039;Officina","description":"Sp\u00e9cialiste ind\u00e9pendant Ferrari \u2013 Maserati","publisher":{"@id":"https:\/\/www.lofficina.be\/fr\/#organization"},"potentialAction":[{"@type":"SearchAction","target":{"@type":"EntryPoint","urlTemplate":"https:\/\/www.lofficina.be\/fr\/?s={search_term_string}"},"query-input":{"@type":"PropertyValueSpecification","valueRequired":true,"valueName":"search_term_string"}}],"inLanguage":"fr-FR"},{"@type":"Organization","@id":"https:\/\/www.lofficina.be\/fr\/#organization","name":"L'Officina","url":"https:\/\/www.lofficina.be\/fr\/","logo":{"@type":"ImageObject","inLanguage":"fr-FR","@id":"https:\/\/www.lofficina.be\/fr\/#\/schema\/logo\/image\/","url":"https:\/\/www.lofficina.be\/wp-content\/uploads\/2020\/12\/lofficina-logo-baseline.svg","contentUrl":"https:\/\/www.lofficina.be\/wp-content\/uploads\/2020\/12\/lofficina-logo-baseline.svg","width":474,"height":114,"caption":"L'Officina"},"image":{"@id":"https:\/\/www.lofficina.be\/fr\/#\/schema\/logo\/image\/"},"sameAs":["https:\/\/www.facebook.com\/officinabelgique\/","https:\/\/www.instagram.com\/lofficina_overijse\/","https:\/\/www.youtube.com\/channel\/UC_8rIH0uAoCwhDQzYjCBdXw"]}]}},"_links":{"self":[{"href":"https:\/\/www.lofficina.be\/fr\/wp-json\/wp\/v2\/pages\/14","targetHints":{"allow":["GET"]}}],"collection":[{"href":"https:\/\/www.lofficina.be\/fr\/wp-json\/wp\/v2\/pages"}],"about":[{"href":"https:\/\/www.lofficina.be\/fr\/wp-json\/wp\/v2\/types\/page"}],"author":[{"embeddable":true,"href":"https:\/\/www.lofficina.be\/fr\/wp-json\/wp\/v2\/users\/1"}],"replies":[{"embeddable":true,"href":"https:\/\/www.lofficina.be\/fr\/wp-json\/wp\/v2\/comments?post=14"}],"version-history":[{"count":0,"href":"https:\/\/www.lofficina.be\/fr\/wp-json\/wp\/v2\/pages\/14\/revisions"}],"wp:attachment":[{"href":"https:\/\/www.lofficina.be\/fr\/wp-json\/wp\/v2\/media?parent=14"}],"curies":[{"name":"wp","href":"https:\/\/api.w.org\/{rel}","templated":true}]}}