{"id":329,"date":"2021-01-27T11:53:17","date_gmt":"2021-01-27T10:53:17","guid":{"rendered":"http:\/\/dev.lofficina.be\/?page_id=329"},"modified":"2021-03-03T13:59:30","modified_gmt":"2021-03-03T12:59:30","slug":"lofficina","status":"publish","type":"page","link":"https:\/\/www.lofficina.be\/en\/","title":{"rendered":"L&#8217;Officina"},"content":{"rendered":"<div class=\"wpb-content-wrapper\"><p>[vc_row padding_top_multiplier=&#8221;3x&#8221; padding_bottom_multiplier=&#8221;3x&#8221;][vc_column width=&#8221;1\/12&#8243;][\/vc_column][vc_column width=&#8221;10\/12&#8243; text_align=&#8221;center&#8221;]<h1 class=\"grve-element grve-title grve-align-center grve-h1 grve-increase-heading grve-heading-120\" style=\"\"><span>L\u2019Officina, the birth of an independent Ferrari Maserati workshop<\/span><\/h1>[vc_column_text text_style=&#8221;leader-text&#8221;]L\u2019Officina Brussels has been an independent specialist in Ferrari and Maserati since 2004. No one in Belgium has more expertise in the field of maintenance and restoration. Italian cars are our passion. Benvenuto!<\/p>\n<p>September 2004, the Francorchamps Ferrari Garage ends its activities. It is the end of an era, but not the end of the passion of the technicians trained on site: Arnaud Goffin and Valerio Ascenzo. The two men decided to create their own garage, a place open to people as passionate about Italian sports cars as they are. Like most success stories, their story begins on a small scale, in a building owned by the former Maserati importer, Christian Mann\u00e8s. Some time later, they needed reinforcements and hired two other specialized technicians. Jean-Pierre Ori and Ren\u00e9 then joined the adventure, coming from the Gipimotor garage. The team is now made up of six men, competent and ready to take on all challenges. Over the next decade, it is thanks to this &#8216;dream team&#8217; that L&#8217;Officina will evolve and become the reference in the maintenance, repair and restoration of the Italian Ferrari and Maserati cars.[\/vc_column_text]<div class=\"grve-empty-space grve-height-1x\" style=\"\"><\/div><div class=\"grve-element grve-align-center\"><a href=\"\/en\/contact\/\" class=\"grve-btn grve-btn-medium grve-square grve-bg-primary-1 grve-bg-hover-primary-2\"><span>Contact us<\/span><\/a><\/div>[\/vc_column][vc_column width=&#8221;1\/12&#8243;][\/vc_column][\/vc_row][vc_row section_type=&#8221;fullwidth&#8221; padding_top_multiplier=&#8221;&#8221; padding_bottom_multiplier=&#8221;&#8221; columns_gap=&#8221;15&#8243;][vc_column]<div class=\"grve-element grve-gallery grve-isotope grve-gallery-popup grve-with-gap\" style=\"\" data-columns=\"3\" data-columns-large-screen=\"3\" data-columns-tablet-landscape=\"3\" data-columns-tablet-portrait=\"3\" data-columns-mobile=\"1\" data-layout=\"fitRows\" data-gutter-size=\"15\">  <div class=\"grve-isotope-container\"><div class=\"grve-isotope-item grve-hover-item grve-hover-style-none\">  <figure class=\"grve-image-hover grve-zoom-in\">    <a class=\"grve-item-url\" href=\"https:\/\/www.lofficina.be\/wp-content\/uploads\/2020\/12\/Officina-0.jpg\" ><\/a>    <div class=\"grve-hover-overlay grve-bg-primary-2 grve-opacity-30\"><\/div><div class=\"grve-media\"><img decoding=\"async\" width=\"900\" height=\"675\" src=\"https:\/\/www.lofficina.be\/wp-content\/uploads\/2020\/12\/Officina-0-900x675.jpg\" class=\"attachment-movedo-grve-medium-rect-horizontal size-movedo-grve-medium-rect-horizontal\" alt=\"italian sports garage brussels\" srcset=\"https:\/\/www.lofficina.be\/wp-content\/uploads\/2020\/12\/Officina-0.jpg 900w, https:\/\/www.lofficina.be\/wp-content\/uploads\/2020\/12\/Officina-0-300x225.jpg 300w, https:\/\/www.lofficina.be\/wp-content\/uploads\/2020\/12\/Officina-0-768x576.jpg 768w, https:\/\/www.lofficina.be\/wp-content\/uploads\/2020\/12\/Officina-0-560x420.jpg 560w\" sizes=\"(max-width: 900px) 100vw, 900px\" \/><\/div>  <\/figure><\/div><div class=\"grve-isotope-item grve-hover-item grve-hover-style-none\">  <figure class=\"grve-image-hover grve-zoom-in\">    <a class=\"grve-item-url\" href=\"https:\/\/www.lofficina.be\/wp-content\/uploads\/2020\/12\/Lofficina3.jpg\" ><\/a>    <div class=\"grve-hover-overlay grve-bg-primary-2 grve-opacity-30\"><\/div><div class=\"grve-media\"><img decoding=\"async\" width=\"900\" height=\"675\" src=\"https:\/\/www.lofficina.be\/wp-content\/uploads\/2020\/12\/Lofficina3-900x675.jpg\" class=\"attachment-movedo-grve-medium-rect-horizontal size-movedo-grve-medium-rect-horizontal\" alt=\"garage officina maserati\" srcset=\"https:\/\/www.lofficina.be\/wp-content\/uploads\/2020\/12\/Lofficina3.jpg 900w, https:\/\/www.lofficina.be\/wp-content\/uploads\/2020\/12\/Lofficina3-300x225.jpg 300w, https:\/\/www.lofficina.be\/wp-content\/uploads\/2020\/12\/Lofficina3-768x576.jpg 768w, https:\/\/www.lofficina.be\/wp-content\/uploads\/2020\/12\/Lofficina3-560x420.jpg 560w\" sizes=\"(max-width: 900px) 100vw, 900px\" \/><\/div>  <\/figure><\/div><div class=\"grve-isotope-item grve-hover-item grve-hover-style-none\">  <figure class=\"grve-image-hover grve-zoom-in\">    <a class=\"grve-item-url\" href=\"https:\/\/www.lofficina.be\/wp-content\/uploads\/2020\/12\/Lofficina4.jpg\" ><\/a>    <div class=\"grve-hover-overlay grve-bg-primary-2 grve-opacity-30\"><\/div><div class=\"grve-media\"><img decoding=\"async\" width=\"900\" height=\"675\" src=\"https:\/\/www.lofficina.be\/wp-content\/uploads\/2020\/12\/Lofficina4-900x675.jpg\" class=\"attachment-movedo-grve-medium-rect-horizontal size-movedo-grve-medium-rect-horizontal\" alt=\"lofficina-garage-voitures-italiennes\" srcset=\"https:\/\/www.lofficina.be\/wp-content\/uploads\/2020\/12\/Lofficina4.jpg 900w, https:\/\/www.lofficina.be\/wp-content\/uploads\/2020\/12\/Lofficina4-300x225.jpg 300w, https:\/\/www.lofficina.be\/wp-content\/uploads\/2020\/12\/Lofficina4-768x576.jpg 768w, https:\/\/www.lofficina.be\/wp-content\/uploads\/2020\/12\/Lofficina4-560x420.jpg 560w\" sizes=\"(max-width: 900px) 100vw, 900px\" \/><\/div>  <\/figure><\/div>  <\/div><\/div>[\/vc_column][\/vc_row][vc_row padding_top_multiplier=&#8221;3x&#8221; padding_bottom_multiplier=&#8221;3x&#8221;][vc_column width=&#8221;1\/12&#8243; text_align=&#8221;center&#8221;][\/vc_column][vc_column width=&#8221;10\/12&#8243; text_align=&#8221;center&#8221;]<div class=\"grve-element grve-slogan grve-align-center\" style=\"\"><h2 class=\"grve-slogan-title grve-align-center grve-h1 grve-increase-heading grve-heading-120\"><span>L\u2019Officina Brussels, in the heart of Europe<\/span><\/h2>  <p class=\"grve-leader-text\">L\u2019Officina is located in Overijse on the outskirts of Brussels. The garage is very accessible both from the province and the capital. It is the reputation of our workshop specializing in Italian cars that brings our customers from Li\u00e8ge, Paris, Luxembourg, etc. but also our ideal location in the heart of Europe. L\u2019Officina does not have a branch. Some look for us under Officina, others under Lofficina but our workshop is unique and the only one to cherish so lovingly your beautiful Italian. We have acquired exceptional expertise in the restoration and maintenance of Maserati and Ferrari and know Italian cars like no other. We also focus on English brands like Aston Martin.<\/p><div class=\"grve-btn-wrapper\"><a href=\"\/en\/ferrari-maserati-maintenance\/\" class=\"grve-btn grve-btn-medium grve-square grve-bg-primary-1 grve-bg-hover-primary-2\"><span>Check out our maintenance service<\/span><\/a><a href=\"\/en\/italian-cars-restoration\/\" class=\"grve-btn grve-btn-medium grve-square grve-bg-primary-1 grve-bg-hover-primary-2\"><span>Discover our restoration service<\/span><\/a><\/div><\/div>[\/vc_column][vc_column width=&#8221;1\/12&#8243;][\/vc_column][\/vc_row][vc_row heading_color=&#8221;primary-1&#8243; section_type=&#8221;fullwidth&#8221; padding_top_multiplier=&#8221;&#8221; padding_bottom_multiplier=&#8221;&#8221; columns_gap=&#8221;none&#8221; font_color=&#8221;#eb212e&#8221;][vc_column]<div class=\"grve-element grve-box grve-align-left\" style=\"\"><a class=\"grve-video-popup\" href=\"https:\/\/www.youtube.com\/watch?v=MFAILNHSH3o\">\t<figure class=\"grve-image-hover grve-zoom-in\">\t\t<div class=\"grve-media\">\t        <div class=\"grve-video-icon grve-icon-video grve-bg-primary-1\"><\/div>\t\t\t<div class=\"grve-bg-dark grve-hover-overlay grve-opacity-50\"><\/div><img decoding=\"async\" width=\"1920\" height=\"1080\" src=\"https:\/\/www.lofficina.be\/wp-content\/uploads\/2020\/12\/Lofficina5.jpg\" class=\"attachment-full size-full\" alt=\"officina garage ferrari maserati\" srcset=\"https:\/\/www.lofficina.be\/wp-content\/uploads\/2020\/12\/Lofficina5.jpg 1x,https:\/\/www.lofficina.be\/wp-content\/uploads\/2020\/12\/Lofficina5.jpg 2x\" \/>\t\t<\/div>\t<\/figure><\/a>  <div class=\"grve-box-content\">    <p><\/p>  <\/div><\/div>[\/vc_column][\/vc_row][vc_row padding_top_multiplier=&#8221;3x&#8221; padding_bottom_multiplier=&#8221;3x&#8221;][vc_column width=&#8221;1\/12&#8243; text_align=&#8221;center&#8221;][\/vc_column][vc_column width=&#8221;10\/12&#8243; text_align=&#8221;center&#8221;]<h3 class=\"grve-element grve-title grve-align-center grve-h1 grve-increase-heading grve-heading-120\" style=\"\"><span>The technicians of L&#8217;Officina<\/span><\/h3>[vc_column_text text_style=&#8221;leader-text&#8221;]To bring Italian classic cars back to life, to preserve them and to give them back the grandeur they deserve. This is the passion of our experts Valerio, Jaime, Luc, Ren\u00e9 and Joseph. Each one with their own personal experience, together, they form a team that no technical challenge will stop. To entrust us with your beautiful Italian is to have the assurance that it will regain all its beauty of yesteryear![\/vc_column_text]<div class=\"grve-empty-space grve-height-1x\" style=\"\"><\/div><div class=\"grve-element grve-align-center\"><a href=\"\/en\/technicians-officina\/\" class=\"grve-btn grve-btn-medium grve-square grve-bg-primary-1 grve-bg-hover-primary-2\"><span>Meet the team<\/span><\/a><\/div><div class=\"grve-element grve-divider\" style=\"padding-top: 90px;padding-bottom: 90px;\"><div class=\"grve-line-divider grve-border\"><\/div><\/div><h3 class=\"grve-element grve-title grve-align-center grve-h1 grve-increase-heading grve-heading-120\" style=\"\"><span>L&#8217;Officina in the press<\/span><\/h3><div class=\"grve-empty-space grve-height-1x\" style=\"\"><\/div>[vc_row_inner][vc_column_inner width=&#8221;1\/3&#8243;][\/vc_column_inner][vc_column_inner width=&#8221;1\/3&#8243;]<div class=\"grve-element grve-box grve-align-center\" style=\"\"><a href=\"\/wp-content\/uploads\/2021\/03\/lecho-7-ateliers-ou-reparer-votre-Maserati-de-collection.pdf\" target=\"_blank\" rel=\"noopener noreferrer\"><div class=\"grve-media-box-icon grve-bg-primary-1\"><i class=\"far fa-file-pdf\"><\/i><\/div><figure class=\"grve-image-hover grve-zoom-in\">\t<div class=\"grve-media\">\t\t<div class=\"grve-bg-dark grve-hover-overlay grve-opacity-50\"><\/div><img decoding=\"async\" width=\"768\" height=\"432\" src=\"https:\/\/www.lofficina.be\/wp-content\/uploads\/2021\/03\/lecho-lofficina-768x432.jpg\" class=\"attachment-medium_large size-medium_large\" alt=\"officina ferrari\" srcset=\"https:\/\/www.lofficina.be\/wp-content\/uploads\/2021\/03\/lecho-lofficina-768x432.jpg 768w, https:\/\/www.lofficina.be\/wp-content\/uploads\/2021\/03\/lecho-lofficina-300x169.jpg 300w, https:\/\/www.lofficina.be\/wp-content\/uploads\/2021\/03\/lecho-lofficina-1024x576.jpg 1024w, https:\/\/www.lofficina.be\/wp-content\/uploads\/2021\/03\/lecho-lofficina-1170x658.jpg 1170w, https:\/\/www.lofficina.be\/wp-content\/uploads\/2021\/03\/lecho-lofficina.jpg 1280w\" sizes=\"(max-width: 768px) 100vw, 768px\" \/>\t<\/div><\/figure><\/a>  <div class=\"grve-box-content\"><a href=\"\/wp-content\/uploads\/2021\/03\/lecho-7-ateliers-ou-reparer-votre-Maserati-de-collection.pdf\" target=\"_blank\" rel=\"noopener noreferrer\"><h3 class=\"grve-box-title grve-h4\">(French) L'Echo - 7 ateliers o\u00f9 r\u00e9parer votre Maserati de collection<\/h3>    <\/a>    <p>Le livre &#8216;Classiche Masters&#8217; pr\u00e9sente les ateliers de premier plan en Europe, sp\u00e9cialis\u00e9s dans la restauration et l&#8217;entretien des Maseratis classiques, construites entre la fin des ann\u00e9es 50 et des ann\u00e9es 70.<\/p><a href=\"\/wp-content\/uploads\/2021\/03\/lecho-7-ateliers-ou-reparer-votre-Maserati-de-collection.pdf\" target=\"_blank\" rel=\"noopener noreferrer\" class=\"grve-link-text grve-read-more\">Read the article<\/a>  <\/div><\/div>[\/vc_column_inner][vc_column_inner width=&#8221;1\/3&#8243;][\/vc_column_inner][\/vc_row_inner][\/vc_column][vc_column width=&#8221;1\/12&#8243;][\/vc_column][\/vc_row]<\/p>\n<\/div>","protected":false},"excerpt":{"rendered":"<p>[vc_row padding_top_multiplier=&#8221;3x&#8221; padding_bottom_multiplier=&#8221;3x&#8221;][vc_column width=&#8221;1\/12&#8243;][\/vc_column][vc_column width=&#8221;10\/12&#8243; text_align=&#8221;center&#8221;][vc_column_text text_style=&#8221;leader-text&#8221;]L\u2019Officina Brussels has been an independent specialist in Ferrari and Maserati since 2004. No one in Belgium has more expertise in the field of maintenance and restoration. Italian cars are our passion. Benvenuto! September 2004, the Francorchamps Ferrari Garage ends its activities. It is the end of an era, [&hellip;]<\/p>\n","protected":false},"author":1,"featured_media":0,"parent":0,"menu_order":0,"comment_status":"closed","ping_status":"open","template":"","meta":{"footnotes":""},"class_list":["post-329","page","type-page","status-publish","hentry"],"yoast_head":"<!-- This site is optimized with the Yoast SEO plugin v26.3 - https:\/\/yoast.com\/wordpress\/plugins\/seo\/ -->\n<title>L&#039;Officina - L&#039;Officina<\/title>\n<meta name=\"description\" content=\"L\u2019Officina Brussels is specialist in Ferrari &amp; Maserati. Discover our expertise in the field of maintenance and restoration in Belgium.\" \/>\n<meta name=\"robots\" content=\"index, follow, max-snippet:-1, max-image-preview:large, max-video-preview:-1\" \/>\n<link rel=\"canonical\" href=\"https:\/\/www.lofficina.be\/en\/lofficina\/\" \/>\n<meta property=\"og:locale\" content=\"en_US\" \/>\n<meta property=\"og:type\" content=\"article\" \/>\n<meta property=\"og:title\" content=\"L&#039;Officina - L&#039;Officina\" \/>\n<meta property=\"og:description\" content=\"L\u2019Officina Brussels is specialist in Ferrari &amp; Maserati. Discover our expertise in the field of maintenance and restoration in Belgium.\" \/>\n<meta property=\"og:url\" content=\"https:\/\/www.lofficina.be\/en\/lofficina\/\" \/>\n<meta property=\"og:site_name\" content=\"L&#039;Officina\" \/>\n<meta property=\"article:publisher\" content=\"https:\/\/www.facebook.com\/officinabelgique\/\" \/>\n<meta property=\"article:modified_time\" content=\"2021-03-03T12:59:30+00:00\" \/>\n<meta name=\"twitter:card\" content=\"summary_large_image\" \/>\n<meta name=\"twitter:label1\" content=\"Est. reading time\" \/>\n\t<meta name=\"twitter:data1\" content=\"3 minutes\" \/>\n<script type=\"application\/ld+json\" class=\"yoast-schema-graph\">{\"@context\":\"https:\/\/schema.org\",\"@graph\":[{\"@type\":\"WebPage\",\"@id\":\"https:\/\/www.lofficina.be\/en\/lofficina\/\",\"url\":\"https:\/\/www.lofficina.be\/en\/lofficina\/\",\"name\":\"L'Officina - L&#039;Officina\",\"isPartOf\":{\"@id\":\"https:\/\/www.lofficina.be\/fr\/#website\"},\"datePublished\":\"2021-01-27T10:53:17+00:00\",\"dateModified\":\"2021-03-03T12:59:30+00:00\",\"description\":\"L\u2019Officina Brussels is specialist in Ferrari & Maserati. Discover our expertise in the field of maintenance and restoration in Belgium.\",\"breadcrumb\":{\"@id\":\"https:\/\/www.lofficina.be\/en\/lofficina\/#breadcrumb\"},\"inLanguage\":\"en-US\",\"potentialAction\":[{\"@type\":\"ReadAction\",\"target\":[\"https:\/\/www.lofficina.be\/en\/lofficina\/\"]}]},{\"@type\":\"BreadcrumbList\",\"@id\":\"https:\/\/www.lofficina.be\/en\/lofficina\/#breadcrumb\",\"itemListElement\":[{\"@type\":\"ListItem\",\"position\":1,\"name\":\"Accueil\",\"item\":\"https:\/\/www.lofficina.be\/en\/lofficina\/\"},{\"@type\":\"ListItem\",\"position\":2,\"name\":\"L&#8217;Officina\"}]},{\"@type\":\"WebSite\",\"@id\":\"https:\/\/www.lofficina.be\/fr\/#website\",\"url\":\"https:\/\/www.lofficina.be\/fr\/\",\"name\":\"L&#039;Officina\",\"description\":\"Sp\u00e9cialiste ind\u00e9pendant Ferrari \u2013 Maserati\",\"publisher\":{\"@id\":\"https:\/\/www.lofficina.be\/fr\/#organization\"},\"potentialAction\":[{\"@type\":\"SearchAction\",\"target\":{\"@type\":\"EntryPoint\",\"urlTemplate\":\"https:\/\/www.lofficina.be\/fr\/?s={search_term_string}\"},\"query-input\":{\"@type\":\"PropertyValueSpecification\",\"valueRequired\":true,\"valueName\":\"search_term_string\"}}],\"inLanguage\":\"en-US\"},{\"@type\":\"Organization\",\"@id\":\"https:\/\/www.lofficina.be\/fr\/#organization\",\"name\":\"L'Officina\",\"url\":\"https:\/\/www.lofficina.be\/fr\/\",\"logo\":{\"@type\":\"ImageObject\",\"inLanguage\":\"en-US\",\"@id\":\"https:\/\/www.lofficina.be\/fr\/#\/schema\/logo\/image\/\",\"url\":\"https:\/\/www.lofficina.be\/wp-content\/uploads\/2020\/12\/lofficina-logo-baseline.svg\",\"contentUrl\":\"https:\/\/www.lofficina.be\/wp-content\/uploads\/2020\/12\/lofficina-logo-baseline.svg\",\"width\":474,\"height\":114,\"caption\":\"L'Officina\"},\"image\":{\"@id\":\"https:\/\/www.lofficina.be\/fr\/#\/schema\/logo\/image\/\"},\"sameAs\":[\"https:\/\/www.facebook.com\/officinabelgique\/\",\"https:\/\/www.instagram.com\/lofficina_overijse\/\",\"https:\/\/www.youtube.com\/channel\/UC_8rIH0uAoCwhDQzYjCBdXw\"]}]}<\/script>\n<!-- \/ Yoast SEO plugin. -->","yoast_head_json":{"title":"L'Officina - L&#039;Officina","description":"L\u2019Officina Brussels is specialist in Ferrari & Maserati. Discover our expertise in the field of maintenance and restoration in Belgium.","robots":{"index":"index","follow":"follow","max-snippet":"max-snippet:-1","max-image-preview":"max-image-preview:large","max-video-preview":"max-video-preview:-1"},"canonical":"https:\/\/www.lofficina.be\/en\/lofficina\/","og_locale":"en_US","og_type":"article","og_title":"L'Officina - L&#039;Officina","og_description":"L\u2019Officina Brussels is specialist in Ferrari & Maserati. Discover our expertise in the field of maintenance and restoration in Belgium.","og_url":"https:\/\/www.lofficina.be\/en\/lofficina\/","og_site_name":"L&#039;Officina","article_publisher":"https:\/\/www.facebook.com\/officinabelgique\/","article_modified_time":"2021-03-03T12:59:30+00:00","twitter_card":"summary_large_image","twitter_misc":{"Est. reading time":"3 minutes"},"schema":{"@context":"https:\/\/schema.org","@graph":[{"@type":"WebPage","@id":"https:\/\/www.lofficina.be\/en\/lofficina\/","url":"https:\/\/www.lofficina.be\/en\/lofficina\/","name":"L'Officina - L&#039;Officina","isPartOf":{"@id":"https:\/\/www.lofficina.be\/fr\/#website"},"datePublished":"2021-01-27T10:53:17+00:00","dateModified":"2021-03-03T12:59:30+00:00","description":"L\u2019Officina Brussels is specialist in Ferrari & Maserati. Discover our expertise in the field of maintenance and restoration in Belgium.","breadcrumb":{"@id":"https:\/\/www.lofficina.be\/en\/lofficina\/#breadcrumb"},"inLanguage":"en-US","potentialAction":[{"@type":"ReadAction","target":["https:\/\/www.lofficina.be\/en\/lofficina\/"]}]},{"@type":"BreadcrumbList","@id":"https:\/\/www.lofficina.be\/en\/lofficina\/#breadcrumb","itemListElement":[{"@type":"ListItem","position":1,"name":"Accueil","item":"https:\/\/www.lofficina.be\/en\/lofficina\/"},{"@type":"ListItem","position":2,"name":"L&#8217;Officina"}]},{"@type":"WebSite","@id":"https:\/\/www.lofficina.be\/fr\/#website","url":"https:\/\/www.lofficina.be\/fr\/","name":"L&#039;Officina","description":"Sp\u00e9cialiste ind\u00e9pendant Ferrari \u2013 Maserati","publisher":{"@id":"https:\/\/www.lofficina.be\/fr\/#organization"},"potentialAction":[{"@type":"SearchAction","target":{"@type":"EntryPoint","urlTemplate":"https:\/\/www.lofficina.be\/fr\/?s={search_term_string}"},"query-input":{"@type":"PropertyValueSpecification","valueRequired":true,"valueName":"search_term_string"}}],"inLanguage":"en-US"},{"@type":"Organization","@id":"https:\/\/www.lofficina.be\/fr\/#organization","name":"L'Officina","url":"https:\/\/www.lofficina.be\/fr\/","logo":{"@type":"ImageObject","inLanguage":"en-US","@id":"https:\/\/www.lofficina.be\/fr\/#\/schema\/logo\/image\/","url":"https:\/\/www.lofficina.be\/wp-content\/uploads\/2020\/12\/lofficina-logo-baseline.svg","contentUrl":"https:\/\/www.lofficina.be\/wp-content\/uploads\/2020\/12\/lofficina-logo-baseline.svg","width":474,"height":114,"caption":"L'Officina"},"image":{"@id":"https:\/\/www.lofficina.be\/fr\/#\/schema\/logo\/image\/"},"sameAs":["https:\/\/www.facebook.com\/officinabelgique\/","https:\/\/www.instagram.com\/lofficina_overijse\/","https:\/\/www.youtube.com\/channel\/UC_8rIH0uAoCwhDQzYjCBdXw"]}]}},"_links":{"self":[{"href":"https:\/\/www.lofficina.be\/en\/wp-json\/wp\/v2\/pages\/329","targetHints":{"allow":["GET"]}}],"collection":[{"href":"https:\/\/www.lofficina.be\/en\/wp-json\/wp\/v2\/pages"}],"about":[{"href":"https:\/\/www.lofficina.be\/en\/wp-json\/wp\/v2\/types\/page"}],"author":[{"embeddable":true,"href":"https:\/\/www.lofficina.be\/en\/wp-json\/wp\/v2\/users\/1"}],"replies":[{"embeddable":true,"href":"https:\/\/www.lofficina.be\/en\/wp-json\/wp\/v2\/comments?post=329"}],"version-history":[{"count":0,"href":"https:\/\/www.lofficina.be\/en\/wp-json\/wp\/v2\/pages\/329\/revisions"}],"wp:attachment":[{"href":"https:\/\/www.lofficina.be\/en\/wp-json\/wp\/v2\/media?parent=329"}],"curies":[{"name":"wp","href":"https:\/\/api.w.org\/{rel}","templated":true}]}}